{"id":1292,"date":"2025-10-15T16:03:15","date_gmt":"2025-10-15T14:03:15","guid":{"rendered":"https:\/\/jprasore.com\/privacy-policy\/"},"modified":"2025-10-29T11:58:39","modified_gmt":"2025-10-29T10:58:39","slug":"privacy-policy","status":"publish","type":"page","link":"https:\/\/jprasore.com\/en\/privacy-policy\/","title":{"rendered":"Privacy Policy"},"content":{"rendered":"\t\t<div data-elementor-type=\"wp-page\" data-elementor-id=\"1292\" class=\"elementor elementor-1292 elementor-3\" data-elementor-post-type=\"page\">\n\t\t\t\t<div class=\"elementor-element elementor-element-fcc6079 e-flex e-con-boxed e-con e-parent\" data-id=\"fcc6079\" data-element_type=\"container\">\n\t\t\t\t\t<div class=\"e-con-inner\">\n\t\t\t\t<div class=\"elementor-element elementor-element-2faf280 elementor-widget elementor-widget-heading\" data-id=\"2faf280\" data-element_type=\"widget\" data-widget_type=\"heading.default\">\n\t\t\t\t\t<h2 class=\"elementor-heading-title elementor-size-default\">Privacy Policy<\/h2>\t\t\t\t<\/div>\n\t\t\t\t\t<\/div>\n\t\t\t\t<\/div>\n\t\t<div class=\"elementor-element elementor-element-565b24fb e-flex e-con-boxed e-con e-parent\" data-id=\"565b24fb\" data-element_type=\"container\">\n\t\t\t\t\t<div class=\"e-con-inner\">\n\t\t\t\t<div class=\"elementor-element elementor-element-7637e81c elementor-widget elementor-widget-text-editor\" data-id=\"7637e81c\" data-element_type=\"widget\" data-widget_type=\"text-editor.default\">\n\t\t\t\t\t\t\t\t\t<p>En cumplimiento con el deber de informaci\u00f3n establecido en la Ley 34\/2002, de 11 de julio, de Servicios de la Sociedad de la Informaci\u00f3n y del Comercio Electr\u00f3nico (LSSI-CE), se facilitan a continuaci\u00f3n los siguientes datos de informaci\u00f3n general de este sitio web.<\/p><p><strong>Titular:<\/strong> Juan Pablo Rasore<br><strong>NIF: <\/strong>Y7324646B<br><strong>Domicilio: <\/strong>Calle Fernandez de los R\u00edos 40, 3ro derecha, 28015 Madrid, Espa\u00f1a<br><strong>Correo electr\u00f3nico: <\/strong><a class=\"link-lopd\" href=\"mailto:jprasore@gmail.com\">jprasore@gmail.com<\/a><br><strong>Sitio web:<\/strong> <a class=\"link-lopd\" href=\"\/\">www.jprasore.com<\/a><\/p><h2>Objeto<\/h2><p>El presente aviso legal regula el uso del sitio web <a class=\"link-lopd\" href=\"\/\">www.jprasore.com<\/a> (en adelante, \u201cel sitio web\u201d), del que es titular Juan Pablo Rasore (en adelante, \u201cel titular\u201d).<\/p><h2>Condiciones de uso<\/h2><p>La utilizaci\u00f3n del sitio web implica la aceptaci\u00f3n plena y sin reservas de todas y cada una de las disposiciones incluidas en este Aviso Legal. El titular se reserva el derecho de modificar estas condiciones sin previo aviso, siendo publicadas y notificadas en el propio sitio web.<\/p><h2>Responsabilidad<\/h2><p>El titular no se responsabiliza de los da\u00f1os y perjuicios que pudieran derivarse de interferencias, interrupciones o virus inform\u00e1ticos motivados por causas ajenas a su control, as\u00ed como de un uso indebido de los contenidos por parte de los usuarios.<\/p><h2>Propiedad intelectual e industrial<\/h2><p>Todos los contenidos del sitio web (textos, im\u00e1genes, logotipos, marcas, etc.) son propiedad del titular o de sus leg\u00edtimos propietarios. Queda prohibida su reproducci\u00f3n total o parcial sin autorizaci\u00f3n expresa.<\/p><h2>Ley aplicable y jurisdicci\u00f3n<\/h2><p>El presente aviso legal se rige por la legislaci\u00f3n espa\u00f1ola. Para cualquier controversia que pudiera derivarse del acceso o uso de este sitio web, las partes se someter\u00e1n a los juzgados y tribunales de Madrid, salvo que la ley disponga lo contrario.<\/p>\t\t\t\t\t\t\t\t<\/div>\n\t\t\t\t\t<\/div>\n\t\t\t\t<\/div>\n\t\t\t\t<\/div>\n\t\t","protected":false},"excerpt":{"rendered":"<p>En cumplimiento con el deber de informaci\u00f3n establecido en la Ley 34\/2002, de 11 de julio, de Servicios de la Sociedad de la Informaci\u00f3n y del Comercio Electr\u00f3nico (LSSI-CE), se facilitan a continuaci\u00f3n los siguientes datos de informaci\u00f3n general de este sitio web. Titular: Juan Pablo RasoreNIF: Y7324646BDomicilio: Calle Fernandez de los R\u00edos 40, 3ro [&hellip;]<\/p>\n","protected":false},"author":1,"featured_media":0,"parent":0,"menu_order":0,"comment_status":"closed","ping_status":"open","template":"","meta":{"_acf_changed":false,"footnotes":""},"class_list":["post-1292","page","type-page","status-publish","hentry"],"acf":[],"yoast_head":"<!-- This site is optimized with the Yoast SEO plugin v26.3 - https:\/\/yoast.com\/wordpress\/plugins\/seo\/ -->\n<title>Privacy Policy - Juan Pablo Rasore<\/title>\n<meta name=\"robots\" content=\"index, follow, max-snippet:-1, max-image-preview:large, max-video-preview:-1\" \/>\n<link rel=\"canonical\" href=\"https:\/\/jprasore.com\/politica-privacidad\/\" \/>\n<meta property=\"og:locale\" content=\"en_US\" \/>\n<meta property=\"og:type\" content=\"article\" \/>\n<meta property=\"og:title\" content=\"Privacy Policy - Juan Pablo Rasore\" \/>\n<meta property=\"og:description\" content=\"En cumplimiento con el deber de informaci\u00f3n establecido en la Ley 34\/2002, de 11 de julio, de Servicios de la Sociedad de la Informaci\u00f3n y del Comercio Electr\u00f3nico (LSSI-CE), se facilitan a continuaci\u00f3n los siguientes datos de informaci\u00f3n general de este sitio web. Titular: Juan Pablo RasoreNIF: Y7324646BDomicilio: Calle Fernandez de los R\u00edos 40, 3ro [&hellip;]\" \/>\n<meta property=\"og:url\" content=\"https:\/\/jprasore.com\/politica-privacidad\/\" \/>\n<meta property=\"og:site_name\" content=\"Juan Pablo Rasore\" \/>\n<meta property=\"article:modified_time\" content=\"2025-10-29T10:58:39+00:00\" \/>\n<meta name=\"twitter:card\" content=\"summary_large_image\" \/>\n<meta name=\"twitter:label1\" content=\"Est. reading time\" \/>\n\t<meta name=\"twitter:data1\" content=\"1 minute\" \/>\n<script type=\"application\/ld+json\" class=\"yoast-schema-graph\">{\"@context\":\"https:\/\/schema.org\",\"@graph\":[{\"@type\":\"WebPage\",\"@id\":\"https:\/\/jprasore.com\/politica-privacidad\/\",\"url\":\"https:\/\/jprasore.com\/politica-privacidad\/\",\"name\":\"Privacy Policy - Juan Pablo Rasore\",\"isPartOf\":{\"@id\":\"https:\/\/jprasore.com\/#website\"},\"datePublished\":\"2025-10-15T14:03:15+00:00\",\"dateModified\":\"2025-10-29T10:58:39+00:00\",\"breadcrumb\":{\"@id\":\"https:\/\/jprasore.com\/politica-privacidad\/#breadcrumb\"},\"inLanguage\":\"en-US\",\"potentialAction\":[{\"@type\":\"ReadAction\",\"target\":[\"https:\/\/jprasore.com\/politica-privacidad\/\"]}]},{\"@type\":\"BreadcrumbList\",\"@id\":\"https:\/\/jprasore.com\/politica-privacidad\/#breadcrumb\",\"itemListElement\":[{\"@type\":\"ListItem\",\"position\":1,\"name\":\"Portada\",\"item\":\"https:\/\/jprasore.com\/en\/\"},{\"@type\":\"ListItem\",\"position\":2,\"name\":\"Privacy Policy\"}]},{\"@type\":\"WebSite\",\"@id\":\"https:\/\/jprasore.com\/#website\",\"url\":\"https:\/\/jprasore.com\/\",\"name\":\"Juan Pablo Rasore\",\"description\":\"Director | Cinematographer | Editor\",\"potentialAction\":[{\"@type\":\"SearchAction\",\"target\":{\"@type\":\"EntryPoint\",\"urlTemplate\":\"https:\/\/jprasore.com\/?s={search_term_string}\"},\"query-input\":{\"@type\":\"PropertyValueSpecification\",\"valueRequired\":true,\"valueName\":\"search_term_string\"}}],\"inLanguage\":\"en-US\"}]}<\/script>\n<!-- \/ Yoast SEO plugin. -->","yoast_head_json":{"title":"Privacy Policy - Juan Pablo Rasore","robots":{"index":"index","follow":"follow","max-snippet":"max-snippet:-1","max-image-preview":"max-image-preview:large","max-video-preview":"max-video-preview:-1"},"canonical":"https:\/\/jprasore.com\/politica-privacidad\/","og_locale":"en_US","og_type":"article","og_title":"Privacy Policy - Juan Pablo Rasore","og_description":"En cumplimiento con el deber de informaci\u00f3n establecido en la Ley 34\/2002, de 11 de julio, de Servicios de la Sociedad de la Informaci\u00f3n y del Comercio Electr\u00f3nico (LSSI-CE), se facilitan a continuaci\u00f3n los siguientes datos de informaci\u00f3n general de este sitio web. Titular: Juan Pablo RasoreNIF: Y7324646BDomicilio: Calle Fernandez de los R\u00edos 40, 3ro [&hellip;]","og_url":"https:\/\/jprasore.com\/politica-privacidad\/","og_site_name":"Juan Pablo Rasore","article_modified_time":"2025-10-29T10:58:39+00:00","twitter_card":"summary_large_image","twitter_misc":{"Est. reading time":"1 minute"},"schema":{"@context":"https:\/\/schema.org","@graph":[{"@type":"WebPage","@id":"https:\/\/jprasore.com\/politica-privacidad\/","url":"https:\/\/jprasore.com\/politica-privacidad\/","name":"Privacy Policy - Juan Pablo Rasore","isPartOf":{"@id":"https:\/\/jprasore.com\/#website"},"datePublished":"2025-10-15T14:03:15+00:00","dateModified":"2025-10-29T10:58:39+00:00","breadcrumb":{"@id":"https:\/\/jprasore.com\/politica-privacidad\/#breadcrumb"},"inLanguage":"en-US","potentialAction":[{"@type":"ReadAction","target":["https:\/\/jprasore.com\/politica-privacidad\/"]}]},{"@type":"BreadcrumbList","@id":"https:\/\/jprasore.com\/politica-privacidad\/#breadcrumb","itemListElement":[{"@type":"ListItem","position":1,"name":"Portada","item":"https:\/\/jprasore.com\/en\/"},{"@type":"ListItem","position":2,"name":"Privacy Policy"}]},{"@type":"WebSite","@id":"https:\/\/jprasore.com\/#website","url":"https:\/\/jprasore.com\/","name":"Juan Pablo Rasore","description":"Director | Cinematographer | Editor","potentialAction":[{"@type":"SearchAction","target":{"@type":"EntryPoint","urlTemplate":"https:\/\/jprasore.com\/?s={search_term_string}"},"query-input":{"@type":"PropertyValueSpecification","valueRequired":true,"valueName":"search_term_string"}}],"inLanguage":"en-US"}]}},"_links":{"self":[{"href":"https:\/\/jprasore.com\/en\/wp-json\/wp\/v2\/pages\/1292","targetHints":{"allow":["GET"]}}],"collection":[{"href":"https:\/\/jprasore.com\/en\/wp-json\/wp\/v2\/pages"}],"about":[{"href":"https:\/\/jprasore.com\/en\/wp-json\/wp\/v2\/types\/page"}],"author":[{"embeddable":true,"href":"https:\/\/jprasore.com\/en\/wp-json\/wp\/v2\/users\/1"}],"replies":[{"embeddable":true,"href":"https:\/\/jprasore.com\/en\/wp-json\/wp\/v2\/comments?post=1292"}],"version-history":[{"count":1,"href":"https:\/\/jprasore.com\/en\/wp-json\/wp\/v2\/pages\/1292\/revisions"}],"predecessor-version":[{"id":1293,"href":"https:\/\/jprasore.com\/en\/wp-json\/wp\/v2\/pages\/1292\/revisions\/1293"}],"wp:attachment":[{"href":"https:\/\/jprasore.com\/en\/wp-json\/wp\/v2\/media?parent=1292"}],"curies":[{"name":"wp","href":"https:\/\/api.w.org\/{rel}","templated":true}]}}