{"id":1287,"date":"2025-10-20T14:33:02","date_gmt":"2025-10-20T12:33:02","guid":{"rendered":"https:\/\/jprasore.com\/legal-notice\/"},"modified":"2025-10-29T13:23:58","modified_gmt":"2025-10-29T12:23:58","slug":"legal-notice","status":"publish","type":"page","link":"https:\/\/jprasore.com\/en\/legal-notice\/","title":{"rendered":"Legal Notice"},"content":{"rendered":"\t\t<div data-elementor-type=\"wp-page\" data-elementor-id=\"1287\" class=\"elementor elementor-1287 elementor-533\" data-elementor-post-type=\"page\">\n\t\t\t\t<div class=\"elementor-element elementor-element-fcc6079 e-flex e-con-boxed e-con e-parent\" data-id=\"fcc6079\" data-element_type=\"container\">\n\t\t\t\t\t<div class=\"e-con-inner\">\n\t\t\t\t<div class=\"elementor-element elementor-element-2faf280 elementor-widget elementor-widget-heading\" data-id=\"2faf280\" data-element_type=\"widget\" data-widget_type=\"heading.default\">\n\t\t\t\t\t<h2 class=\"elementor-heading-title elementor-size-default\">Legal Notice<\/h2>\t\t\t\t<\/div>\n\t\t\t\t\t<\/div>\n\t\t\t\t<\/div>\n\t\t<div class=\"elementor-element elementor-element-565b24fb e-flex e-con-boxed e-con e-parent\" data-id=\"565b24fb\" data-element_type=\"container\">\n\t\t\t\t\t<div class=\"e-con-inner\">\n\t\t\t\t<div class=\"elementor-element elementor-element-7637e81c elementor-widget elementor-widget-text-editor\" data-id=\"7637e81c\" data-element_type=\"widget\" data-widget_type=\"text-editor.default\">\n\t\t\t\t\t\t\t\t\t<p>De acuerdo con lo establecido en el Reglamento (UE) 2016\/679 del Parlamento Europeo y del Consejo (RGPD) y la Ley Org\u00e1nica 3\/2018 (LOPDGDD), se informa a los usuarios del sitio web [A\u00d1ADIR URL DEL SITIO WEB] sobre el tratamiento de sus datos personales.<\/p><h2>Responsable del tratamiento<\/h2><p><strong>Titular:<\/strong> Juan Pablo Rasore<br><strong>NIF:<\/strong> Y7324646B<br><strong>Domicilio:<\/strong> Calle Fernandez de los R\u00edos 40, 3ro derecha, 28015 Madrid, Espa\u00f1a<br><strong>Correo electr\u00f3nico:<\/strong> <a class=\"link-lopd\" href=\"mailto:jprasore@gmail.com\">jprasore@gmail.com<\/a><\/p><h2>Finalidad del tratamiento<\/h2><p>Los datos personales recabados a trav\u00e9s del formulario de contacto, llamadas telef\u00f3nicas o mensajes de WhatsApp ser\u00e1n utilizados exclusivamente para atender las solicitudes de informaci\u00f3n, resolver consultas o gestionar los servicios contratados.<\/p><h2>Base legal<\/h2><p>La base jur\u00eddica para el tratamiento de los datos es el consentimiento del usuario, que se considera otorgado al enviar el formulario o contactar mediante los medios disponibles.<\/p><h2>Conservaci\u00f3n de los datos<\/h2><p>Los datos se conservar\u00e1n durante el tiempo necesario para atender las solicitudes, prestar los servicios contratados y cumplir con las obligaciones legales aplicables.<\/p><h2>Comunicaci\u00f3n de datos<\/h2><p>No se prev\u00e9 la cesi\u00f3n de los datos personales a terceros, salvo obligaci\u00f3n legal o cuando sea necesario para la prestaci\u00f3n del servicio solicitado.<\/p><h2>Derechos del usuario<\/h2><p>Los usuarios pueden ejercer sus derechos de acceso, rectificaci\u00f3n, supresi\u00f3n, oposici\u00f3n, limitaci\u00f3n del tratamiento y portabilidad mediante el env\u00edo de un correo electr\u00f3nico a [A\u00d1ADIR CORREO ELECTR\u00d3NICO], indicando el derecho que desean ejercer e incluyendo una copia de su documento de identidad.<\/p><h2>Medidas de seguridad<\/h2><p>El titular aplicar\u00e1 las medidas t\u00e9cnicas y organizativas necesarias para garantizar la seguridad y confidencialidad de los datos personales y evitar su alteraci\u00f3n, p\u00e9rdida, tratamiento o acceso no autorizado.<\/p><h2>Cambios en la pol\u00edtica de privacidad<\/h2><p>El titular se reserva el derecho a modificar la presente Pol\u00edtica de Privacidad para adaptarla a novedades legislativas o cambios en el tratamiento de datos. En caso de cambios sustanciales, se comunicar\u00e1 debidamente a los usuarios. <\/p>\t\t\t\t\t\t\t\t<\/div>\n\t\t\t\t\t<\/div>\n\t\t\t\t<\/div>\n\t\t\t\t<\/div>\n\t\t","protected":false},"excerpt":{"rendered":"<p>De acuerdo con lo establecido en el Reglamento (UE) 2016\/679 del Parlamento Europeo y del Consejo (RGPD) y la Ley Org\u00e1nica 3\/2018 (LOPDGDD), se informa a los usuarios del sitio web [A\u00d1ADIR URL DEL SITIO WEB] sobre el tratamiento de sus datos personales. Responsable del tratamiento Titular: Juan Pablo RasoreNIF: Y7324646BDomicilio: Calle Fernandez de los [&hellip;]<\/p>\n","protected":false},"author":1,"featured_media":0,"parent":0,"menu_order":0,"comment_status":"closed","ping_status":"closed","template":"","meta":{"_acf_changed":false,"footnotes":""},"class_list":["post-1287","page","type-page","status-publish","hentry"],"acf":[],"yoast_head":"<!-- This site is optimized with the Yoast SEO plugin v26.3 - https:\/\/yoast.com\/wordpress\/plugins\/seo\/ -->\n<title>Legal Notice - Juan Pablo Rasore<\/title>\n<meta name=\"robots\" content=\"index, follow, max-snippet:-1, max-image-preview:large, max-video-preview:-1\" \/>\n<link rel=\"canonical\" href=\"https:\/\/jprasore.com\/aviso-legal\/\" \/>\n<meta property=\"og:locale\" content=\"en_US\" \/>\n<meta property=\"og:type\" content=\"article\" \/>\n<meta property=\"og:title\" content=\"Legal Notice - Juan Pablo Rasore\" \/>\n<meta property=\"og:description\" content=\"De acuerdo con lo establecido en el Reglamento (UE) 2016\/679 del Parlamento Europeo y del Consejo (RGPD) y la Ley Org\u00e1nica 3\/2018 (LOPDGDD), se informa a los usuarios del sitio web [A\u00d1ADIR URL DEL SITIO WEB] sobre el tratamiento de sus datos personales. Responsable del tratamiento Titular: Juan Pablo RasoreNIF: Y7324646BDomicilio: Calle Fernandez de los [&hellip;]\" \/>\n<meta property=\"og:url\" content=\"https:\/\/jprasore.com\/aviso-legal\/\" \/>\n<meta property=\"og:site_name\" content=\"Juan Pablo Rasore\" \/>\n<meta property=\"article:modified_time\" content=\"2025-10-29T12:23:58+00:00\" \/>\n<meta name=\"twitter:card\" content=\"summary_large_image\" \/>\n<meta name=\"twitter:label1\" content=\"Est. reading time\" \/>\n\t<meta name=\"twitter:data1\" content=\"2 minutes\" \/>\n<script type=\"application\/ld+json\" class=\"yoast-schema-graph\">{\"@context\":\"https:\/\/schema.org\",\"@graph\":[{\"@type\":\"WebPage\",\"@id\":\"https:\/\/jprasore.com\/aviso-legal\/\",\"url\":\"https:\/\/jprasore.com\/aviso-legal\/\",\"name\":\"Legal Notice - Juan Pablo Rasore\",\"isPartOf\":{\"@id\":\"https:\/\/jprasore.com\/#website\"},\"datePublished\":\"2025-10-20T12:33:02+00:00\",\"dateModified\":\"2025-10-29T12:23:58+00:00\",\"breadcrumb\":{\"@id\":\"https:\/\/jprasore.com\/aviso-legal\/#breadcrumb\"},\"inLanguage\":\"en-US\",\"potentialAction\":[{\"@type\":\"ReadAction\",\"target\":[\"https:\/\/jprasore.com\/aviso-legal\/\"]}]},{\"@type\":\"BreadcrumbList\",\"@id\":\"https:\/\/jprasore.com\/aviso-legal\/#breadcrumb\",\"itemListElement\":[{\"@type\":\"ListItem\",\"position\":1,\"name\":\"Portada\",\"item\":\"https:\/\/jprasore.com\/en\/\"},{\"@type\":\"ListItem\",\"position\":2,\"name\":\"Legal Notice\"}]},{\"@type\":\"WebSite\",\"@id\":\"https:\/\/jprasore.com\/#website\",\"url\":\"https:\/\/jprasore.com\/\",\"name\":\"Juan Pablo Rasore\",\"description\":\"Director | Cinematographer | Editor\",\"potentialAction\":[{\"@type\":\"SearchAction\",\"target\":{\"@type\":\"EntryPoint\",\"urlTemplate\":\"https:\/\/jprasore.com\/?s={search_term_string}\"},\"query-input\":{\"@type\":\"PropertyValueSpecification\",\"valueRequired\":true,\"valueName\":\"search_term_string\"}}],\"inLanguage\":\"en-US\"}]}<\/script>\n<!-- \/ Yoast SEO plugin. -->","yoast_head_json":{"title":"Legal Notice - Juan Pablo Rasore","robots":{"index":"index","follow":"follow","max-snippet":"max-snippet:-1","max-image-preview":"max-image-preview:large","max-video-preview":"max-video-preview:-1"},"canonical":"https:\/\/jprasore.com\/aviso-legal\/","og_locale":"en_US","og_type":"article","og_title":"Legal Notice - Juan Pablo Rasore","og_description":"De acuerdo con lo establecido en el Reglamento (UE) 2016\/679 del Parlamento Europeo y del Consejo (RGPD) y la Ley Org\u00e1nica 3\/2018 (LOPDGDD), se informa a los usuarios del sitio web [A\u00d1ADIR URL DEL SITIO WEB] sobre el tratamiento de sus datos personales. Responsable del tratamiento Titular: Juan Pablo RasoreNIF: Y7324646BDomicilio: Calle Fernandez de los [&hellip;]","og_url":"https:\/\/jprasore.com\/aviso-legal\/","og_site_name":"Juan Pablo Rasore","article_modified_time":"2025-10-29T12:23:58+00:00","twitter_card":"summary_large_image","twitter_misc":{"Est. reading time":"2 minutes"},"schema":{"@context":"https:\/\/schema.org","@graph":[{"@type":"WebPage","@id":"https:\/\/jprasore.com\/aviso-legal\/","url":"https:\/\/jprasore.com\/aviso-legal\/","name":"Legal Notice - Juan Pablo Rasore","isPartOf":{"@id":"https:\/\/jprasore.com\/#website"},"datePublished":"2025-10-20T12:33:02+00:00","dateModified":"2025-10-29T12:23:58+00:00","breadcrumb":{"@id":"https:\/\/jprasore.com\/aviso-legal\/#breadcrumb"},"inLanguage":"en-US","potentialAction":[{"@type":"ReadAction","target":["https:\/\/jprasore.com\/aviso-legal\/"]}]},{"@type":"BreadcrumbList","@id":"https:\/\/jprasore.com\/aviso-legal\/#breadcrumb","itemListElement":[{"@type":"ListItem","position":1,"name":"Portada","item":"https:\/\/jprasore.com\/en\/"},{"@type":"ListItem","position":2,"name":"Legal Notice"}]},{"@type":"WebSite","@id":"https:\/\/jprasore.com\/#website","url":"https:\/\/jprasore.com\/","name":"Juan Pablo Rasore","description":"Director | Cinematographer | Editor","potentialAction":[{"@type":"SearchAction","target":{"@type":"EntryPoint","urlTemplate":"https:\/\/jprasore.com\/?s={search_term_string}"},"query-input":{"@type":"PropertyValueSpecification","valueRequired":true,"valueName":"search_term_string"}}],"inLanguage":"en-US"}]}},"_links":{"self":[{"href":"https:\/\/jprasore.com\/en\/wp-json\/wp\/v2\/pages\/1287","targetHints":{"allow":["GET"]}}],"collection":[{"href":"https:\/\/jprasore.com\/en\/wp-json\/wp\/v2\/pages"}],"about":[{"href":"https:\/\/jprasore.com\/en\/wp-json\/wp\/v2\/types\/page"}],"author":[{"embeddable":true,"href":"https:\/\/jprasore.com\/en\/wp-json\/wp\/v2\/users\/1"}],"replies":[{"embeddable":true,"href":"https:\/\/jprasore.com\/en\/wp-json\/wp\/v2\/comments?post=1287"}],"version-history":[{"count":5,"href":"https:\/\/jprasore.com\/en\/wp-json\/wp\/v2\/pages\/1287\/revisions"}],"predecessor-version":[{"id":1324,"href":"https:\/\/jprasore.com\/en\/wp-json\/wp\/v2\/pages\/1287\/revisions\/1324"}],"wp:attachment":[{"href":"https:\/\/jprasore.com\/en\/wp-json\/wp\/v2\/media?parent=1287"}],"curies":[{"name":"wp","href":"https:\/\/api.w.org\/{rel}","templated":true}]}}